{"id":152,"date":"2020-11-18T18:37:14","date_gmt":"2020-11-18T18:37:14","guid":{"rendered":"https:\/\/fightwithgluten.com\/?page_id=152"},"modified":"2020-11-18T18:37:15","modified_gmt":"2020-11-18T18:37:15","slug":"contact","status":"publish","type":"page","link":"https:\/\/fightwithgluten.com\/en\/contact\/","title":{"rendered":"Contact"},"content":{"rendered":"<div class=\"everest-forms\"><div class=\"evf-container layout-two\" id=\"evf-78\"><form id=\"evf-form-78\" class=\"everest-form\" data-formid=\"78\" data-ajax_submission=\"1\" data-keyboard_friendly_form=\"0\" data-form_state_type=\"\" method=\"post\" enctype=\"multipart\/form-data\" action=\"\/en\/wp-json\/wp\/v2\/pages\/152\"><div class=\"evf-field-container\"><input type=\"hidden\" id=\"_wpnonce78\" name=\"_wpnonce78\" value=\"ec14951b13\" \/><input type=\"hidden\" name=\"_wp_http_referer\" value=\"\/en\/wp-json\/wp\/v2\/pages\/152\" \/><div class=\"evf-frontend-row\" data-row=\"row_1\" conditional_rules=\"[]\"><div class=\"evf-frontend-grid evf-grid-1\" data-grid=\"grid_1\"><div id=\"evf-78-field_fullname-container\" class=\"evf-field evf-field-text form-row validate-required\" data-required-field-message=\"This field is required.\" data-field-id=\"fullname\"><label class=\"evf-field-label\" for=\"evf-78-field_fullname\"><span class=\"evf-label\">Nume Prenume<\/span> <abbr class=\"required\" title=\"Required\">*<\/abbr><\/label><input type=\"text\" id=\"evf-78-field_fullname\" class=\"input-text\" name=\"everest_forms[form_fields][fullname]\" required><\/div><div id=\"evf-78-field_email-container\" class=\"evf-field evf-field-email form-row validate-required validate-email\" data-required-field-message=\"Please enter a valid email address.\" data-field-id=\"email\"><label class=\"evf-field-label\" for=\"evf-78-field_email\"><span class=\"evf-label\">Email<\/span> <abbr class=\"required\" title=\"Required\">*<\/abbr><\/label><input type=\"email\" id=\"evf-78-field_email\" class=\"input-text\" name=\"everest_forms[form_fields][email]\" required ><\/div><div id=\"evf-78-field_subject-container\" class=\"evf-field evf-field-text form-row validate-required\" data-required-field-message=\"This field is required.\" data-field-id=\"subject\"><label class=\"evf-field-label\" for=\"evf-78-field_subject\"><span class=\"evf-label\">Subiect<\/span> <abbr class=\"required\" title=\"Required\">*<\/abbr><\/label><input type=\"text\" id=\"evf-78-field_subject\" class=\"input-text\" name=\"everest_forms[form_fields][subject]\" required><\/div><div id=\"evf-78-field_TfIuwfTieL-1-container\" class=\"evf-field evf-field-select form-row\" data-field-id=\"TfIuwfTieL-1\"><label class=\"evf-field-label\" for=\"evf-78-field_TfIuwfTieL-1\"><span class=\"evf-label\">Urma\u021bi dieta f\u0103r\u0103 gluten?<\/span> <\/label><select id=\"evf-78-field_TfIuwfTieL-1\" class=\"input-text\" name=\"everest_forms[form_fields][TfIuwfTieL-1]\" ><option value=\"DA\" >DA<\/option><option value=\"NU\" >NU<\/option><\/select><\/div><div id=\"evf-78-field_iSS9KXAqOM-3-container\" class=\"evf-field evf-field-checkbox form-row\" data-field-id=\"iSS9KXAqOM-3\"><label class=\"evf-field-label\" for=\"evf-78-field_iSS9KXAqOM-3\"><span class=\"evf-label\">De ce a\u021bi ales diet\u0103 f\u0103r\u0103 gluten?<\/span> <\/label><ul id=\"evf-78-field_iSS9KXAqOM-3\"><li class=\"choice-1 depth-1\"><input type=\"checkbox\" id=\"evf-78-field_iSS9KXAqOM-3_1\" class=\"input-text\" name=\"everest_forms[form_fields][iSS9KXAqOM-3][]\" value=\"Boal\u0103 celiac\u0103\"  ><label class=\"everest-forms-field-label-inline\" for=\"evf-78-field_iSS9KXAqOM-3_1\">Boal\u0103 celiac\u0103<\/label><\/li><li class=\"choice-2 depth-1\"><input type=\"checkbox\" id=\"evf-78-field_iSS9KXAqOM-3_2\" class=\"input-text\" name=\"everest_forms[form_fields][iSS9KXAqOM-3][]\" value=\"Intoleran\u021b\u0103 la gluten\"  ><label class=\"everest-forms-field-label-inline\" for=\"evf-78-field_iSS9KXAqOM-3_2\">Intoleran\u021b\u0103 la gluten<\/label><\/li><li class=\"choice-3 depth-1\"><input type=\"checkbox\" id=\"evf-78-field_iSS9KXAqOM-3_3\" class=\"input-text\" name=\"everest_forms[form_fields][iSS9KXAqOM-3][]\" value=\"Un membru al fimiliei este celiac\"  ><label class=\"everest-forms-field-label-inline\" for=\"evf-78-field_iSS9KXAqOM-3_3\">Un membru al fimiliei este celiac<\/label><\/li><li class=\"choice-4 depth-1\"><input type=\"checkbox\" id=\"evf-78-field_iSS9KXAqOM-3_4\" class=\"input-text\" name=\"everest_forms[form_fields][iSS9KXAqOM-3][]\" value=\"Alte motive\"  ><label class=\"everest-forms-field-label-inline\" for=\"evf-78-field_iSS9KXAqOM-3_4\">Alte motive<\/label><\/li><\/ul><\/div><div id=\"evf-78-field_message-container\" class=\"evf-field evf-field-textarea form-row\" data-field-id=\"message\"><label class=\"evf-field-label\" for=\"evf-78-field_message\"><span class=\"evf-label\">Mesaj<\/span> <\/label><textarea id=\"evf-78-field_message\" class=\"input-text\" name=\"everest_forms[form_fields][message]\"  ><\/textarea><\/div><div id=\"evf-78-field_uctxxhjsx9-6-container\" class=\"evf-field evf-field-privacy-policy form-row validate-required\" data-required-field-message=\"This field is required.\" data-field-id=\"uctxxhjsx9-6\"><label class=\"evf-field-label\" for=\"evf-78-field_uctxxhjsx9-6\"><span class=\"evf-label\">Politic\u0103 confiden\u021bialitate<\/span> <abbr class=\"required\" title=\"Required\">*<\/abbr><\/label><input type=\"checkbox\" value=\"Sunt de acord ca FightWithGluten s\u0103 utilizeze datele mele de contact pentru a r\u0103spunde la mesajul trimis, \u00een conformitate cu politica de confiden\u021bialitate (GDPR).\" id=\"evf-78-field_uctxxhjsx9-6\" class=\"input-text\" name=\"everest_forms[form_fields][uctxxhjsx9-6]\" required \/><label class=\"evf-privacy-policy-consent-message\" for=\"evf-78-field_uctxxhjsx9-6\">Sunt de acord ca FightWithGluten s\u0103 utilizeze datele mele de contact pentru a r\u0103spunde la mesajul trimis, \u00een conformitate cu politica de confiden\u021bialitate (GDPR).<\/label><div class=\"evf-privacy-policy-local-page-contents\"><\/div><\/div><div id=\"evf-78-field_w9mnJDHNW2-5-container\" class=\"evf-field evf-field-checkbox form-row\" data-field-id=\"w9mnJDHNW2-5\"><label class=\"evf-field-label\" for=\"evf-78-field_w9mnJDHNW2-5\"><span class=\"evf-label\">Newsletter<\/span> <\/label><ul id=\"evf-78-field_w9mnJDHNW2-5\"><li class=\"choice-3 depth-1\"><input type=\"checkbox\" id=\"evf-78-field_w9mnJDHNW2-5_3\" class=\"input-text\" name=\"everest_forms[form_fields][w9mnJDHNW2-5][]\" value=\"Sunt de acord s\u0103 primesc e-mailuri cu nout\u0103\u021bi \u0219i informa\u021bii de la FightWithGluten \u0219i \u00een\u021beleg c\u0103 m\u0103 pot dezabona oric\u00e2nd.\"  ><label class=\"everest-forms-field-label-inline\" for=\"evf-78-field_w9mnJDHNW2-5_3\">Sunt de acord s\u0103 primesc e-mailuri cu nout\u0103\u021bi \u0219i informa\u021bii de la FightWithGluten \u0219i \u00een\u021beleg c\u0103 m\u0103 pot dezabona oric\u00e2nd.<\/label><\/li><\/ul><\/div><\/div><\/div><\/div><div class=\"evf-honeypot-container evf-field-hp\"><label for=\"evf-78-field-hp\" class=\"evf-field-label\">Website<\/label><input type=\"text\" name=\"everest_forms[hp]\" id=\"evf-78-field-hp\" class=\"input-text\"><\/div><div class=\"evf-submit-container \" ><input type=\"hidden\" name=\"everest_forms[id]\" value=\"78\"><input type=\"hidden\" name=\"everest_forms[author]\" value=\"1\"><button type='submit' name='everest_forms[submit]' class='everest-forms-submit-button button evf-submit ' id='evf-submit-78' value='evf-submit' data-process-text=\"Processing\u2026\" conditional_rules='&quot;&quot;' conditional_id='evf-submit-78'  id=\"evf-submit-78\" aria-live=\"assertive\">Trimite<\/button><\/div><\/form><\/div><!-- .evf-container --><\/div>","protected":false},"excerpt":{"rendered":"","protected":false},"author":1,"featured_media":0,"parent":0,"menu_order":0,"comment_status":"closed","ping_status":"closed","template":"","meta":{"om_disable_all_campaigns":false,"wprm-recipe-roundup-name":"","wprm-recipe-roundup-description":"","_monsterinsights_skip_tracking":false,"_monsterinsights_sitenote_active":false,"_monsterinsights_sitenote_note":"","_monsterinsights_sitenote_category":0,"footnotes":""},"class_list":["post-152","page","type-page","status-publish","hentry"],"aioseo_notices":[],"blog_post_layout_featured_media_urls":{"thumbnail":"","full":""},"categories_names":null,"comments_number":"0","_links":{"self":[{"href":"https:\/\/fightwithgluten.com\/en\/wp-json\/wp\/v2\/pages\/152","targetHints":{"allow":["GET"]}}],"collection":[{"href":"https:\/\/fightwithgluten.com\/en\/wp-json\/wp\/v2\/pages"}],"about":[{"href":"https:\/\/fightwithgluten.com\/en\/wp-json\/wp\/v2\/types\/page"}],"author":[{"embeddable":true,"href":"https:\/\/fightwithgluten.com\/en\/wp-json\/wp\/v2\/users\/1"}],"replies":[{"embeddable":true,"href":"https:\/\/fightwithgluten.com\/en\/wp-json\/wp\/v2\/comments?post=152"}],"version-history":[{"count":1,"href":"https:\/\/fightwithgluten.com\/en\/wp-json\/wp\/v2\/pages\/152\/revisions"}],"predecessor-version":[{"id":153,"href":"https:\/\/fightwithgluten.com\/en\/wp-json\/wp\/v2\/pages\/152\/revisions\/153"}],"wp:attachment":[{"href":"https:\/\/fightwithgluten.com\/en\/wp-json\/wp\/v2\/media?parent=152"}],"curies":[{"name":"wp","href":"https:\/\/api.w.org\/{rel}","templated":true}]}}